{"id":3,"date":"2024-03-26T09:19:33","date_gmt":"2024-03-26T08:19:33","guid":{"rendered":"https:\/\/www.wero-wine.eu\/?page_id=3"},"modified":"2024-07-26T09:32:43","modified_gmt":"2024-07-26T07:32:43","slug":"schutz-der-sucromia","status":"publish","type":"page","link":"https:\/\/www.wero-wine.eu\/de\/schutz-der-sucromia\/","title":{"rendered":"Datenschutzbestimmungen"},"content":{"rendered":"<div data-elementor-type=\"wp-page\" data-elementor-id=\"3\" class=\"elementor elementor-3\" data-elementor-post-type=\"page\">\n\t\t\t\t<div class=\"elementor-element elementor-element-39e0934b e-con-full e-flex e-con e-parent\" data-id=\"39e0934b\" data-element_type=\"container\" data-settings=\"{&quot;background_background&quot;:&quot;classic&quot;,&quot;shape_divider_bottom&quot;:&quot;wave-brush&quot;}\">\n\t\t\t\t<div class=\"elementor-shape elementor-shape-bottom\" data-negative=\"false\">\n\t\t\t<svg xmlns=\"http:\/\/www.w3.org\/2000\/svg\" viewbox=\"0 0 283.5 27.8\" preserveaspectratio=\"none\">\n\t<path class=\"elementor-shape-fill\" d=\"M283.5,9.7c0,0-7.3,4.3-14,4.6c-6.8,0.3-12.6,0-20.9-1.5c-11.3-2-33.1-10.1-44.7-5.7\ts-12.1,4.6-18,7.4c-6.6,3.2-20,9.6-36.6,9.3C131.6,23.5,99.5,7.2,86.3,8c-1.4,0.1-6.6,0.8-10.5,2c-3.8,1.2-9.4,3.8-17,4.7\tc-3.2,0.4-8.3,1.1-14.2,0.9c-1.5-0.1-6.3-0.4-12-1.6c-5.7-1.2-11-3.1-15.8-3.7C6.5,9.2,0,10.8,0,10.8V0h283.5V9.7z M260.8,11.3\tc-0.7-1-2-0.4-4.3-0.4c-2.3,0-6.1-1.2-5.8-1.1c0.3,0.1,3.1,1.5,6,1.9C259.7,12.2,261.4,12.3,260.8,11.3z M242.4,8.6\tc0,0-2.4-0.2-5.6-0.9c-3.2-0.8-10.3-2.8-15.1-3.5c-8.2-1.1-15.8,0-15.1,0.1c0.8,0.1,9.6-0.6,17.6,1.1c3.3,0.7,9.3,2.2,12.4,2.7\tC239.9,8.7,242.4,8.6,242.4,8.6z M185.2,8.5c1.7-0.7-13.3,4.7-18.5,6.1c-2.1,0.6-6.2,1.6-10,2c-3.9,0.4-8.9,0.4-8.8,0.5\tc0,0.2,5.8,0.8,11.2,0c5.4-0.8,5.2-1.1,7.6-1.6C170.5,14.7,183.5,9.2,185.2,8.5z M199.1,6.9c0.2,0-0.8-0.4-4.8,1.1\tc-4,1.5-6.7,3.5-6.9,3.7c-0.2,0.1,3.5-1.8,6.6-3C197,7.5,199,6.9,199.1,6.9z M283,6c-0.1,0.1-1.9,1.1-4.8,2.5s-6.9,2.8-6.7,2.7\tc0.2,0,3.5-0.6,7.4-2.5C282.8,6.8,283.1,5.9,283,6z M31.3,11.6c0.1-0.2-1.9-0.2-4.5-1.2s-5.4-1.6-7.8-2C15,7.6,7.3,8.5,7.7,8.6\tC8,8.7,15.9,8.3,20.2,9.3c2.2,0.5,2.4,0.5,5.7,1.6S31.2,11.9,31.3,11.6z M73,9.2c0.4-0.1,3.5-1.6,8.4-2.6c4.9-1.1,8.9-0.5,8.9-0.8\tc0-0.3-1-0.9-6.2-0.3S72.6,9.3,73,9.2z M71.6,6.7C71.8,6.8,75,5.4,77.3,5c2.3-0.3,1.9-0.5,1.9-0.6c0-0.1-1.1-0.2-2.7,0.2\tC74.8,5.1,71.4,6.6,71.6,6.7z M93.6,4.4c0.1,0.2,3.5,0.8,5.6,1.8c2.1,1,1.8,0.6,1.9,0.5c0.1-0.1-0.8-0.8-2.4-1.3\tC97.1,4.8,93.5,4.2,93.6,4.4z M65.4,11.1c-0.1,0.3,0.3,0.5,1.9-0.2s2.6-1.3,2.2-1.2s-0.9,0.4-2.5,0.8C65.3,10.9,65.5,10.8,65.4,11.1\tz M34.5,12.4c-0.2,0,2.1,0.8,3.3,0.9c1.2,0.1,2,0.1,2-0.2c0-0.3-0.1-0.5-1.6-0.4C36.6,12.8,34.7,12.4,34.5,12.4z M152.2,21.1\tc-0.1,0.1-2.4-0.3-7.5-0.3c-5,0-13.6-2.4-17.2-3.5c-3.6-1.1,10,3.9,16.5,4.1C150.5,21.6,152.3,21,152.2,21.1z\"\/>\n\t<path class=\"elementor-shape-fill\" d=\"M269.6,18c-0.1-0.1-4.6,0.3-7.2,0c-7.3-0.7-17-3.2-16.6-2.9c0.4,0.3,13.7,3.1,17,3.3\tC267.7,18.8,269.7,18,269.6,18z\"\/>\n\t<path class=\"elementor-shape-fill\" d=\"M227.4,9.8c-0.2-0.1-4.5-1-9.5-1.2c-5-0.2-12.7,0.6-12.3,0.5c0.3-0.1,5.9-1.8,13.3-1.2\tS227.6,9.9,227.4,9.8z\"\/>\n\t<path class=\"elementor-shape-fill\" d=\"M204.5,13.4c-0.1-0.1,2-1,3.2-1.1c1.2-0.1,2,0,2,0.3c0,0.3-0.1,0.5-1.6,0.4\tC206.4,12.9,204.6,13.5,204.5,13.4z\"\/>\n\t<path class=\"elementor-shape-fill\" d=\"M201,10.6c0-0.1-4.4,1.2-6.3,2.2c-1.9,0.9-6.2,3.1-6.1,3.1c0.1,0.1,4.2-1.6,6.3-2.6\tS201,10.7,201,10.6z\"\/>\n\t<path class=\"elementor-shape-fill\" d=\"M154.5,26.7c-0.1-0.1-4.6,0.3-7.2,0c-7.3-0.7-17-3.2-16.6-2.9c0.4,0.3,13.7,3.1,17,3.3\tC152.6,27.5,154.6,26.8,154.5,26.7z\"\/>\n\t<path class=\"elementor-shape-fill\" d=\"M41.9,19.3c0,0,1.2-0.3,2.9-0.1c1.7,0.2,5.8,0.9,8.2,0.7c4.2-0.4,7.4-2.7,7-2.6\tc-0.4,0-4.3,2.2-8.6,1.9c-1.8-0.1-5.1-0.5-6.7-0.4S41.9,19.3,41.9,19.3z\"\/>\n\t<path class=\"elementor-shape-fill\" d=\"M75.5,12.6c0.2,0.1,2-0.8,4.3-1.1c2.3-0.2,2.1-0.3,2.1-0.5c0-0.1-1.8-0.4-3.4,0\tC76.9,11.5,75.3,12.5,75.5,12.6z\"\/>\n\t<path class=\"elementor-shape-fill\" d=\"M15.6,13.2c0-0.1,4.3,0,6.7,0.5c2.4,0.5,5,1.9,5,2c0,0.1-2.7-0.8-5.1-1.4\tC19.9,13.7,15.7,13.3,15.6,13.2z\"\/>\n<\/svg>\t\t<\/div>\n\t\t\t\t<div class=\"elementor-element elementor-element-60eaca29 elementor-widget elementor-widget-spacer\" data-id=\"60eaca29\" data-element_type=\"widget\" data-widget_type=\"spacer.default\">\n\t\t\t\t<div class=\"elementor-widget-container\">\n\t\t\t\t\t\t\t<div class=\"elementor-spacer\">\n\t\t\t<div class=\"elementor-spacer-inner\"><\/div>\n\t\t<\/div>\n\t\t\t\t\t\t<\/div>\n\t\t\t\t<\/div>\n\t\t\t\t<\/div>\n\t\t<div class=\"elementor-element elementor-element-5c897a73 e-flex e-con-boxed e-con e-parent\" data-id=\"5c897a73\" data-element_type=\"container\">\n\t\t\t\t\t<div class=\"e-con-inner\">\n\t\t\t\t<div class=\"elementor-element elementor-element-4803cf01 elementor-widget elementor-widget-text-editor\" data-id=\"4803cf01\" data-element_type=\"widget\" data-widget_type=\"text-editor.default\">\n\t\t\t\t<div class=\"elementor-widget-container\">\n\t\t\t\t\t\t\t\t\t<header class=\"entry-header ast-no-thumbnail ast-header-without-markup\"><h2 class=\"entry-title\">Datenschutzbestimmungen<\/h2><\/header><div class=\"entry-content clear\"><div class=\"elementor elementor-3\" data-elementor-type=\"wp-page\" data-elementor-id=\"3\" data-elementor-post-type=\"page\"><div class=\"elementor-element elementor-element-4c0c52c5 e-flex e-con-boxed e-con e-parent\" data-id=\"4c0c52c5\" data-element_type=\"container\" data-settings=\"{&quot;content_width&quot;:&quot;boxed&quot;}\" data-core-v316-plus=\"true\"><div class=\"e-con-inner\"><div class=\"elementor-element elementor-element-1eab1e15 elementor-widget elementor-widget-text-editor\" data-id=\"1eab1e15\" data-element_type=\"widget\" data-widget_type=\"text-editor.default\"><div class=\"elementor-widget-container\"><p>W.E.R.O. teilt Ihnen klar und offen mit, wie sie Ihre personenbezogenen Daten im Einklang mit der VERORDNUNG (EU) 2016\/679 DES EUROP\u00c4ISCHEN PARLAMENTS UND DES RATES zum Schutz nat\u00fcrlicher Personen bei der Verarbeitung personenbezogener Daten, zum freien Datenverkehr und zur Aufhebung der Richtlinie 95\/46\/EG, der Allgemeinen Datenschutzverordnung (im Folgenden \"DSGVO\"), verarbeitet.<\/p><p>Wir respektieren Ihr Recht auf Privatsph\u00e4re und Ihr Recht, \u00fcber die Verarbeitung Ihrer pers\u00f6nlichen Daten, die Sie auf der Website wero-wine.eu eingeben, informiert zu werden.<\/p><h3 class=\"fusion-responsive-typography-calculated\" data-fontsize=\"20\" data-lineheight=\"30px\"><strong>Wir sch\u00fctzen Ihre pers\u00f6nlichen Daten<\/strong><\/h3><p>Wir respektieren sowohl die neue Datenschutz-Grundverordnung als auch Ihr Recht, dar\u00fcber informiert zu werden, wie wir Ihre personenbezogenen Daten verarbeiten und speichern. Vertrauen Sie darauf, dass wir alle notwendigen technischen und personellen Ma\u00dfnahmen ergriffen haben, um Ihre personenbezogenen Daten sicher aufzubewahren und sie vor unbefugtem Zugriff zu sch\u00fctzen. Wann immer wir Sie um Informationen oder personenbezogene Daten bitten, ben\u00f6tigen wir diese, um unsere Dienstleistungen zu erbringen.<\/p><h3 class=\"fusion-responsive-typography-calculated\" data-fontsize=\"20\" data-lineheight=\"30px\"><strong>Welche pers\u00f6nlichen Daten ben\u00f6tige ich von Ihnen?<\/strong><\/h3><p>Wir erheben personenbezogene Daten, die Sie uns zur Verf\u00fcgung stellen, wenn Sie sich f\u00fcr eine unserer Dienstleistungen oder eine Stellenvermittlung interessieren. Zu den personenbezogenen Daten, die Sie uns zur Verf\u00fcgung stellen, geh\u00f6ren auch Kontaktinformationen als Pflichtangaben - ohne sie k\u00f6nnten wir Ihnen kein Angebot machen oder die Dienstleistung nicht durchf\u00fchren.<\/p><p>Ihre pers\u00f6nlichen Daten <strong>Wir verwenden keine<\/strong> zur Versendung von Newslettern oder Werbeangeboten per E-Mail - sie dienen ausschlie\u00dflich der gegenseitigen Kommunikation, nachdem Sie Ihr Interesse an unseren Dienstleistungen bekundet, ein Angebot erstellt und einen Vertrag abgeschlossen oder eine Dienstleistung bestellt haben.<\/p><p>Personenbezogene Daten k\u00f6nnen auch aus \u00f6ffentlich zug\u00e4nglichen Quellen, Registern und Aufzeichnungen, wie dem Handelsregister, stammen.<\/p><p><strong>Wir ben\u00f6tigen Ihre Daten f\u00fcr die folgenden Zwecke:<\/strong><\/p><ul><li>Zur Bearbeitung Ihres Dienstleistungsauftrags, Ihres Interesses an unseren Dienstleistungen oder zur Erstellung eines Gesch\u00e4ftsangebots.<\/li><li>Sie zu kontaktieren, wenn Sie Interesse an unseren Dienstleistungen haben, die Sie auf der Website angegeben haben.<\/li><li>Bearbeiten Sie Ihr Interesse an einer Stelle in unserem Unternehmen.<\/li><li>Um Ihre Fragen zu unseren Angeboten und Dienstleistungen zu beantworten und um Sie \u00fcber neue und ge\u00e4nderte Dienstleistungen zu informieren.<\/li><\/ul><p><strong>Welche Daten verarbeiten wir?<\/strong><\/p><ul><li>Grundlegende Identifikationsdaten - Vorname, Nachname, Firmensitz, Wohnanschrift, Ausweisnummer (bei Unternehmen).<\/li><li>Kontaktinformationen - Telefonnummer, E-Mail-Adresse, Adresse Ihrer Website<\/li><li>Informationen \u00fcber Ihre Nutzung unserer Dienste und Produkte - z. B. welche Dienste Sie interessieren, welche Dienste Sie bestellt haben, Informationen \u00fcber Ihre Diensteinstellungen, die f\u00fcr die Durchf\u00fchrung der Dienste erforderlich sind<\/li><li>Informationen \u00fcber Telefonanrufe oder E-Mail-Kommunikation oder andere Interaktionen mit Ihnen, z. B. Chat, SMS-Nachrichten.<\/li><li>Geolokalisierung und Webanalyse - Geolokalisierungsdaten vom Webbrowser beim Besuch unserer Website und Analysetools zur Analyse des Besuchs unserer Website zur Verbesserung und Optimierung unserer Website (siehe Cookies)<\/li><\/ul><h3 class=\"fusion-responsive-typography-calculated\" data-fontsize=\"20\" data-lineheight=\"30px\"><strong>Wir werden Ihre personenbezogenen Daten f\u00fcr den erforderlichen Zeitraum und ausschlie\u00dflich zu den oben genannten Zwecken aufbewahren:<\/strong><\/h3><p>Wenn Sie an unseren Dienstleistungen interessiert sind oder Dienstleistungen bestellen, f\u00fcr 7 Jahre ab dem Erhalt Ihres Interesses (Ausf\u00fcllen des Formulars \/ Bestellung auf der Website) oder in der gesetzlichen Frist (f\u00fcr einen Zeitraum von 11 Jahren die Daten auf dem Steuerdokument angegeben, die Erf\u00fcllung der gesetzlichen Verpflichtung nach dem Gesetz Nr. 235\/2004 Coll. \u00fcber die Mehrwertsteuer, in der ge\u00e4nderten Fassung).<\/p><p>Nach Ablauf dieser Frist werden Ihre personenbezogenen Daten in dem Umfang und f\u00fcr die Zwecke gel\u00f6scht, f\u00fcr die eine Einwilligung nicht gesetzlich vorgeschrieben ist.<\/p><h3 class=\"fusion-responsive-typography-calculated\" data-fontsize=\"20\" data-lineheight=\"30px\"><strong>Ihre Daten sind sicher<\/strong><\/h3><p>Wir haben die notwendigen technischen und organisatorischen Ma\u00dfnahmen getroffen, um Ihre Daten vor Verlust, Manipulation und unberechtigtem Zugriff zu sch\u00fctzen. Wir passen unsere Sicherheitsma\u00dfnahmen laufend dem technologischen Fortschritt an. Wir haben auf der Website das Sicherheitsprotokoll SSL installiert, das alle Daten verschl\u00fcsselt an den Server \u00fcbertr\u00e4gt. Die Daten, die wir von Ihnen erheben, werden ausschlie\u00dflich innerhalb der Europ\u00e4ischen Union gespeichert.<\/p><h3 class=\"fusion-responsive-typography-calculated\" data-fontsize=\"20\" data-lineheight=\"30px\"><strong>Wir arbeiten nur mit den besten Internetanbietern zusammen<\/strong><\/h3><p>Unsere Websites werden auf den Servern von Exohosting gespeichert und gesichert, was ein H\u00f6chstma\u00df an Datensicherheit gew\u00e4hrleistet.<\/p><p>Wir teilen, verkaufen oder tauschen Ihre Daten nicht mit Dritten zu kommerziellen Zwecken.<\/p><h3 class=\"fusion-responsive-typography-calculated\" data-fontsize=\"20\" data-lineheight=\"30px\"><strong>Sie haben das Recht zu erfahren, wie wir Ihre personenbezogenen Daten verarbeiten\u00a0<\/strong><\/h3><p>Sie haben das Recht, Auskunft dar\u00fcber zu verlangen, welche personenbezogenen Daten wir \u00fcber Sie gespeichert haben (einmal im Jahr kostenlos). Wenn diese Informationen unrichtig oder unvollst\u00e4ndig sind, k\u00f6nnen Sie uns auffordern, sie zu korrigieren oder zu l\u00f6schen.<\/p><p>Wir k\u00f6nnen Ihre Daten nicht l\u00f6schen, wenn wir durch gesetzliche Vorschriften zur Datenaufbewahrung, wie z. B. das Buchf\u00fchrungsgesetz, oder aus anderen triftigen Gr\u00fcnden, wie z. B. ausstehende Forderungen, daran gehindert werden.<\/p><p><strong>Sie haben jederzeit das Recht:<\/strong><\/p><ul><li>Ihre Zustimmung zur Verarbeitung Ihrer personenbezogenen Daten zu widerrufen,<\/li><li>Zugang zu Ihren pers\u00f6nlichen Daten zu beantragen,<\/li><li>Ihre Daten zu korrigieren oder zu l\u00f6schen,<\/li><li>um die Verarbeitung einzuschr\u00e4nken,<\/li><li>Gegenstand der Verarbeitung,<\/li><li>die \u00dcbertragbarkeit dieser Daten auf einen anderen f\u00fcr die Verarbeitung Verantwortlichen<\/li><li>sowie das Recht, eine Beschwerde beim Amt f\u00fcr den Schutz personenbezogener Daten einzureichen, wenn Sie den Verdacht haben, dass unser Unternehmen personenbezogene Daten unter Versto\u00df gegen den GDPR verarbeitet<\/li><\/ul><h3 class=\"fusion-responsive-typography-calculated\" data-fontsize=\"20\" data-lineheight=\"30px\"><strong>Wie kann ich meine Zustimmung zur Verarbeitung personenbezogener Daten widerrufen?<\/strong><\/h3><p>Der Widerruf der Einwilligung in die Verarbeitung personenbezogener Daten kann nur schriftlich erfolgen, damit wir einen ordnungsgem\u00e4\u00dfen Nachweis \u00fcber Ihren Widerruf f\u00fchren k\u00f6nnen.<\/p><p>Wenn Sie die oben genannten Rechte aus\u00fcben m\u00f6chten, k\u00f6nnen Sie sich an die Kontaktadresse des Amtes wenden:<\/p><ul><li>W.E.R.O., Marktstra\u00dfe 5, 3620 Spitz an der Donau<\/li><li>info@wero-wine.eu<\/li><li>Telefon: +4368181811628<\/li><\/ul><\/div><\/div><\/div><\/div><\/div><\/div>\t\t\t\t\t\t\t\t<\/div>\n\t\t\t\t<\/div>\n\t\t\t\t\t<\/div>\n\t\t\t\t<\/div>\n\t\t\t\t<\/div>","protected":false},"excerpt":{"rendered":"<p>Z\u00e1sady ochrany osobn\u00fdch \u00fadajov Spolo\u010dnos\u0165 W.E.R.O.\u00a0 v\u00e1m jasne a otvorene oznamuje, ako spracov\u00e1va va\u0161e osobn\u00e9 \u00fadaje v s\u00falade s NARIADEN\u00cdM [&hellip;]<\/p>\n","protected":false},"author":1,"featured_media":0,"parent":0,"menu_order":0,"comment_status":"closed","ping_status":"open","template":"elementor_header_footer","meta":{"site-sidebar-layout":"default","site-content-layout":"","ast-site-content-layout":"full-width-container","site-content-style":"default","site-sidebar-style":"default","ast-global-header-display":"","ast-banner-title-visibility":"","ast-main-header-display":"","ast-hfb-above-header-display":"","ast-hfb-below-header-display":"","ast-hfb-mobile-header-display":"","site-post-title":"","ast-breadcrumbs-content":"","ast-featured-img":"","footer-sml-layout":"","ast-disable-related-posts":"","theme-transparent-header-meta":"","adv-header-id-meta":"","stick-header-meta":"","header-above-stick-meta":"","header-main-stick-meta":"","header-below-stick-meta":"","astra-migrate-meta-layouts":"default","ast-page-background-enabled":"default","ast-page-background-meta":{"desktop":{"background-color":"var(--ast-global-color-4)","background-image":"","background-repeat":"repeat","background-position":"center center","background-size":"auto","background-attachment":"scroll","background-type":"","background-media":"","overlay-type":"","overlay-color":"","overlay-opacity":"","overlay-gradient":""},"tablet":{"background-color":"","background-image":"","background-repeat":"repeat","background-position":"center center","background-size":"auto","background-attachment":"scroll","background-type":"","background-media":"","overlay-type":"","overlay-color":"","overlay-opacity":"","overlay-gradient":""},"mobile":{"background-color":"","background-image":"","background-repeat":"repeat","background-position":"center center","background-size":"auto","background-attachment":"scroll","background-type":"","background-media":"","overlay-type":"","overlay-color":"","overlay-opacity":"","overlay-gradient":""}},"ast-content-background-meta":{"desktop":{"background-color":"var(--ast-global-color-5)","background-image":"","background-repeat":"repeat","background-position":"center center","background-size":"auto","background-attachment":"scroll","background-type":"","background-media":"","overlay-type":"","overlay-color":"","overlay-opacity":"","overlay-gradient":""},"tablet":{"background-color":"var(--ast-global-color-5)","background-image":"","background-repeat":"repeat","background-position":"center center","background-size":"auto","background-attachment":"scroll","background-type":"","background-media":"","overlay-type":"","overlay-color":"","overlay-opacity":"","overlay-gradient":""},"mobile":{"background-color":"var(--ast-global-color-5)","background-image":"","background-repeat":"repeat","background-position":"center center","background-size":"auto","background-attachment":"scroll","background-type":"","background-media":"","overlay-type":"","overlay-color":"","overlay-opacity":"","overlay-gradient":""}},"footnotes":""},"class_list":["post-3","page","type-page","status-publish","hentry"],"yoast_head":"<!-- This site is optimized with the Yoast SEO plugin v27.4 - https:\/\/yoast.com\/product\/yoast-seo-wordpress\/ -->\n<title>Z\u00e1sady ochrany osobn\u00fdch \u00fadajov | W.E.R.O. | Weingesch\u00e4ft und Weinladen in der Wachau<\/title>\n<meta name=\"robots\" content=\"noindex, nofollow\" \/>\n<meta property=\"og:locale\" content=\"de_DE\" \/>\n<meta property=\"og:type\" content=\"article\" \/>\n<meta property=\"og:title\" content=\"Z\u00e1sady ochrany osobn\u00fdch \u00fadajov | W.E.R.O. | Weingesch\u00e4ft und Weinladen in der Wachau\" \/>\n<meta property=\"og:description\" content=\"Z\u00e1sady ochrany osobn\u00fdch \u00fadajov Spolo\u010dnos\u0165 W.E.R.O.\u00a0 v\u00e1m jasne a otvorene oznamuje, ako spracov\u00e1va va\u0161e osobn\u00e9 \u00fadaje v s\u00falade s NARIADEN\u00cdM [&hellip;]\" \/>\n<meta property=\"og:url\" content=\"https:\/\/www.wero-wine.eu\/de\/schutz-der-sucromia\/\" \/>\n<meta property=\"og:site_name\" content=\"W.E.R.O. | Weingesch\u00e4ft und Weinladen in der Wachau\" \/>\n<meta property=\"article:modified_time\" content=\"2024-07-26T07:32:43+00:00\" \/>\n<meta property=\"og:image\" content=\"https:\/\/www.wero-wine.eu\/wp-content\/uploads\/2024\/03\/logo-wero-400px.jpg\" \/>\n\t<meta property=\"og:image:width\" content=\"400\" \/>\n\t<meta property=\"og:image:height\" content=\"400\" \/>\n\t<meta property=\"og:image:type\" content=\"image\/jpeg\" \/>\n<meta name=\"twitter:card\" content=\"summary_large_image\" \/>\n<meta name=\"twitter:label1\" content=\"Gesch\u00e4tzte Lesezeit\" \/>\n\t<meta name=\"twitter:data1\" content=\"9 Minuten\" \/>\n<script type=\"application\/ld+json\" class=\"yoast-schema-graph\">{\"@context\":\"https:\\\/\\\/schema.org\",\"@graph\":[{\"@type\":\"WebPage\",\"@id\":\"https:\\\/\\\/www.wero-wine.eu\\\/schutz-der-sucromia\\\/\",\"url\":\"https:\\\/\\\/www.wero-wine.eu\\\/schutz-der-sucromia\\\/\",\"name\":\"Z\u00e1sady ochrany osobn\u00fdch \u00fadajov | W.E.R.O. | Weingesch\u00e4ft und Weinladen in der Wachau\",\"isPartOf\":{\"@id\":\"https:\\\/\\\/www.wero-wine.eu\\\/#website\"},\"datePublished\":\"2024-03-26T08:19:33+00:00\",\"dateModified\":\"2024-07-26T07:32:43+00:00\",\"breadcrumb\":{\"@id\":\"https:\\\/\\\/www.wero-wine.eu\\\/schutz-der-sucromia\\\/#breadcrumb\"},\"inLanguage\":\"de-AT\",\"potentialAction\":[{\"@type\":\"ReadAction\",\"target\":[\"https:\\\/\\\/www.wero-wine.eu\\\/schutz-der-sucromia\\\/\"]}]},{\"@type\":\"BreadcrumbList\",\"@id\":\"https:\\\/\\\/www.wero-wine.eu\\\/schutz-der-sucromia\\\/#breadcrumb\",\"itemListElement\":[{\"@type\":\"ListItem\",\"position\":1,\"name\":\"Home\",\"item\":\"https:\\\/\\\/www.wero-wine.eu\\\/\"},{\"@type\":\"ListItem\",\"position\":2,\"name\":\"Z\u00e1sady ochrany osobn\u00fdch \u00fadajov\"}]},{\"@type\":\"WebSite\",\"@id\":\"https:\\\/\\\/www.wero-wine.eu\\\/#website\",\"url\":\"https:\\\/\\\/www.wero-wine.eu\\\/\",\"name\":\"W.E.R.O. - Weinhandlung in der Wachau\",\"description\":\"Weinhandlung in der Wachau\",\"publisher\":{\"@id\":\"https:\\\/\\\/www.wero-wine.eu\\\/#organization\"},\"alternateName\":\"W.E.R.O. WINE\",\"potentialAction\":[{\"@type\":\"SearchAction\",\"target\":{\"@type\":\"EntryPoint\",\"urlTemplate\":\"https:\\\/\\\/www.wero-wine.eu\\\/?s={search_term_string}\"},\"query-input\":{\"@type\":\"PropertyValueSpecification\",\"valueRequired\":true,\"valueName\":\"search_term_string\"}}],\"inLanguage\":\"de-AT\"},{\"@type\":\"Organization\",\"@id\":\"https:\\\/\\\/www.wero-wine.eu\\\/#organization\",\"name\":\"W.E.R.O. | Weingesch\u00e4ft und Weinladen in der Wachau\",\"url\":\"https:\\\/\\\/www.wero-wine.eu\\\/\",\"logo\":{\"@type\":\"ImageObject\",\"inLanguage\":\"de-AT\",\"@id\":\"https:\\\/\\\/www.wero-wine.eu\\\/#\\\/schema\\\/logo\\\/image\\\/\",\"url\":\"https:\\\/\\\/www.wero-wine.eu\\\/wp-content\\\/uploads\\\/2024\\\/06\\\/logo-wero-transparent-400px.png\",\"contentUrl\":\"https:\\\/\\\/www.wero-wine.eu\\\/wp-content\\\/uploads\\\/2024\\\/06\\\/logo-wero-transparent-400px.png\",\"width\":400,\"height\":400,\"caption\":\"W.E.R.O. | Weingesch\u00e4ft und Weinladen in der Wachau\"},\"image\":{\"@id\":\"https:\\\/\\\/www.wero-wine.eu\\\/#\\\/schema\\\/logo\\\/image\\\/\"}}]}<\/script>\n<!-- \/ Yoast SEO plugin. -->","yoast_head_json":{"title":"Datenschutz | W.E.R.O. | Weingesch\u00e4ft und Weinladen in der Wachau","robots":{"index":"noindex","follow":"nofollow"},"og_locale":"de_DE","og_type":"article","og_title":"Z\u00e1sady ochrany osobn\u00fdch \u00fadajov | W.E.R.O. | Weingesch\u00e4ft und Weinladen in der Wachau","og_description":"Z\u00e1sady ochrany osobn\u00fdch \u00fadajov Spolo\u010dnos\u0165 W.E.R.O.\u00a0 v\u00e1m jasne a otvorene oznamuje, ako spracov\u00e1va va\u0161e osobn\u00e9 \u00fadaje v s\u00falade s NARIADEN\u00cdM [&hellip;]","og_url":"https:\/\/www.wero-wine.eu\/de\/schutz-der-sucromia\/","og_site_name":"W.E.R.O. | Weingesch\u00e4ft und Weinladen in der Wachau","article_modified_time":"2024-07-26T07:32:43+00:00","og_image":[{"width":400,"height":400,"url":"https:\/\/www.wero-wine.eu\/wp-content\/uploads\/2024\/03\/logo-wero-400px.jpg","type":"image\/jpeg"}],"twitter_card":"summary_large_image","twitter_misc":{"Gesch\u00e4tzte Lesezeit":"9 Minuten"},"schema":{"@context":"https:\/\/schema.org","@graph":[{"@type":"WebPage","@id":"https:\/\/www.wero-wine.eu\/schutz-der-sucromia\/","url":"https:\/\/www.wero-wine.eu\/schutz-der-sucromia\/","name":"Datenschutz | W.E.R.O. | Weingesch\u00e4ft und Weinladen in der Wachau","isPartOf":{"@id":"https:\/\/www.wero-wine.eu\/#website"},"datePublished":"2024-03-26T08:19:33+00:00","dateModified":"2024-07-26T07:32:43+00:00","breadcrumb":{"@id":"https:\/\/www.wero-wine.eu\/schutz-der-sucromia\/#breadcrumb"},"inLanguage":"de-AT","potentialAction":[{"@type":"ReadAction","target":["https:\/\/www.wero-wine.eu\/schutz-der-sucromia\/"]}]},{"@type":"BreadcrumbList","@id":"https:\/\/www.wero-wine.eu\/schutz-der-sucromia\/#breadcrumb","itemListElement":[{"@type":"ListItem","position":1,"name":"Home","item":"https:\/\/www.wero-wine.eu\/"},{"@type":"ListItem","position":2,"name":"Z\u00e1sady ochrany osobn\u00fdch \u00fadajov"}]},{"@type":"WebSite","@id":"https:\/\/www.wero-wine.eu\/#website","url":"https:\/\/www.wero-wine.eu\/","name":"W.E.R.O. - Weinhandlung in der Wachau","description":"Weinhandlung in der Wachau","publisher":{"@id":"https:\/\/www.wero-wine.eu\/#organization"},"alternateName":"W.E.R.O. WINE","potentialAction":[{"@type":"SearchAction","target":{"@type":"EntryPoint","urlTemplate":"https:\/\/www.wero-wine.eu\/?s={search_term_string}"},"query-input":{"@type":"PropertyValueSpecification","valueRequired":true,"valueName":"search_term_string"}}],"inLanguage":"de-AT"},{"@type":"Organization","@id":"https:\/\/www.wero-wine.eu\/#organization","name":"W.E.R.O. | Weingesch\u00e4ft und Weinladen in der Wachau","url":"https:\/\/www.wero-wine.eu\/","logo":{"@type":"ImageObject","inLanguage":"de-AT","@id":"https:\/\/www.wero-wine.eu\/#\/schema\/logo\/image\/","url":"https:\/\/www.wero-wine.eu\/wp-content\/uploads\/2024\/06\/logo-wero-transparent-400px.png","contentUrl":"https:\/\/www.wero-wine.eu\/wp-content\/uploads\/2024\/06\/logo-wero-transparent-400px.png","width":400,"height":400,"caption":"W.E.R.O. | Weingesch\u00e4ft und Weinladen in der Wachau"},"image":{"@id":"https:\/\/www.wero-wine.eu\/#\/schema\/logo\/image\/"}}]}},"_links":{"self":[{"href":"https:\/\/www.wero-wine.eu\/de\/wp-json\/wp\/v2\/pages\/3","targetHints":{"allow":["GET"]}}],"collection":[{"href":"https:\/\/www.wero-wine.eu\/de\/wp-json\/wp\/v2\/pages"}],"about":[{"href":"https:\/\/www.wero-wine.eu\/de\/wp-json\/wp\/v2\/types\/page"}],"author":[{"embeddable":true,"href":"https:\/\/www.wero-wine.eu\/de\/wp-json\/wp\/v2\/users\/1"}],"replies":[{"embeddable":true,"href":"https:\/\/www.wero-wine.eu\/de\/wp-json\/wp\/v2\/comments?post=3"}],"version-history":[{"count":6,"href":"https:\/\/www.wero-wine.eu\/de\/wp-json\/wp\/v2\/pages\/3\/revisions"}],"predecessor-version":[{"id":1293,"href":"https:\/\/www.wero-wine.eu\/de\/wp-json\/wp\/v2\/pages\/3\/revisions\/1293"}],"wp:attachment":[{"href":"https:\/\/www.wero-wine.eu\/de\/wp-json\/wp\/v2\/media?parent=3"}],"curies":[{"name":"wp","href":"https:\/\/api.w.org\/{rel}","templated":true}]}}